{"id":2,"date":"2024-10-17T12:03:24","date_gmt":"2024-10-17T10:03:24","guid":{"rendered":"https:\/\/akademia.footballarena.pl\/?page_id=2"},"modified":"2026-01-28T11:25:03","modified_gmt":"2026-01-28T10:25:03","slug":"przykladowa-strona","status":"publish","type":"page","link":"https:\/\/akademia.footballarena.pl\/","title":{"rendered":""},"content":{"rendered":"\t\t<div data-elementor-type=\"wp-page\" data-elementor-id=\"2\" class=\"elementor elementor-2\">\n\t\t\t\t<div class=\"elementor-element elementor-element-54625a2 e-flex e-con-boxed e-con e-parent\" data-id=\"54625a2\" data-element_type=\"container\">\n\t\t\t\t\t<div class=\"e-con-inner\">\n\t\t\t\t\t<\/div>\n\t\t\t\t<\/div>\n\t\t<div class=\"elementor-element elementor-element-fa9156e e-flex e-con-boxed e-con e-parent\" data-id=\"fa9156e\" data-element_type=\"container\">\n\t\t\t\t\t<div class=\"e-con-inner\">\n\t\t\t\t<div class=\"elementor-element elementor-element-d4a02ab elementor-widget elementor-widget-heading\" data-id=\"d4a02ab\" data-element_type=\"widget\" data-widget_type=\"heading.default\">\n\t\t\t\t<div class=\"elementor-widget-container\">\n\t\t\t<h2 class=\"elementor-heading-title elementor-size-default\">Blog<\/h2>\t\t<\/div>\n\t\t\t\t<\/div>\n\t\t\t\t<div class=\"elementor-element elementor-element-1b65ddc meta-visibility-show title_position_default title_hover_border_default title-default img_hover_animation_default meta_position_default tpg-is-author-icon-show author-image-visibility-icon tpg-category-position-default readmore-btn-default-style grid-hover-overlay-type-always tpg-el-box-border-enable tpg-border-bottom-disable elementor-widget elementor-widget-tpg-grid-layout\" data-id=\"1b65ddc\" data-element_type=\"widget\" data-widget_type=\"tpg-grid-layout.default\">\n\t\t\t\t<div class=\"elementor-widget-container\">\n\t\t\t\t\t<div class=\"rt-container-fluid rt-tpg-container tpg-el-main-wrapper clearfix grid-layout1-main \"\n\t\t\t id=\"rt-tpg-container-3884431886\"\n\t\t\t data-layout=\"grid-layout1\"\n\t\t\t data-grid-style=\"tpg-full-height\"\n\t\t\t data-sc-id=\"elementor\"\n\t\t\t data-el-settings=''\n\t\t\t data-el-query=''\n\t\t\t data-el-path=''\n\t\t>\n\t\t\t\t\t\t<div class='tpg-header-wrapper '>\n\t\t\t\t\t\t\t<\/div>\n\n\t\t\t<div data-title=\"Loading ...\" class=\"rt-row rt-content-loader grid-layout1 grid-behaviour tpg-full-height grid_layout_wrapper\">\n\t\t\t\t<div class=\"rt-col-md-4 rt-col-sm-6 rt-col-xs-12 default rt-grid-item post-264 post type-post status-publish format-standard has-post-thumbnail hentry category-bez-kategorii\"\t\tdata-id=\"264\">\n\t<div class=\"rt-holder tpg-post-holder\">\n\t\t<div class=\"rt-detail rt-el-content-wrapper\">\n\t\t\t\t\t\t\t<div class=\"rt-img-holder tpg-el-image-wrap has-thumbnail\">\n\t\t\t\t\t<a data-id=\"264\" href=\"https:\/\/akademia.footballarena.pl\/index.php\/2025\/12\/19\/dziekujemy-za-wsparcie-programu-clj-ministerstwo-sportu-i-turystyki\/\" class=\"tpg-post-link\" target=\"_self\">                        <img fetchpriority=\"high\" decoding=\"async\" src=\"https:\/\/akademia.footballarena.pl\/wp-content\/uploads\/2026\/01\/1920x810.png\"\n                             class=\"rt-img-responsive\"\n                             width=\"768\"\n                             height=\"324\"\n                             alt=\"Dzi\u0119kujemy za wsparcie programu CLJ \u2013 Ministerstwo Sportu i Turystyki\">\n\t\t\t\t\t\t\n\t\t\t\t\t\t\t\n\t\t<\/a>\n\t\t        <div class=\"overlay grid-hover-content\"><\/div>\n\t\t\t\t\t\t<\/div>\n\t\t\t\n\t\t\t<div class=\"entry-title-wrapper\"><h3 class=\"entry-title\"><a data-id=\"264\" href=\"https:\/\/akademia.footballarena.pl\/index.php\/2025\/12\/19\/dziekujemy-za-wsparcie-programu-clj-ministerstwo-sportu-i-turystyki\/\" class=\"tpg-post-link\" target=\"_self\">Dzi\u0119kujemy za wsparcie programu CLJ \u2013 Ministerstwo Sportu i Turystyki<\/a><\/h3><\/div>\n\t\t\t\t\t\t\t<div class=\"post-meta-tags rt-el-post-meta\">\n\t\t\t\t\t            <span class='author '>\n\n\t\t\t\t<i class='fa fa-user '><\/i><span class='author-prefix'>By<\/span><a href=\"https:\/\/akademia.footballarena.pl\/index.php\/author\/luke\/\">Luke<\/a>\t\t\t<\/span>\n\t\t\t            <span class='date'>\n\t\t\t\t<i class='far fa-calendar-alt '><\/i>\t\t\t\t                    <a href=\"https:\/\/akademia.footballarena.pl\/index.php\/2025\/12\/19\/\">\n\t\t\t\t\t2025-12-19\t\t\t\t<\/a>\n\t\t\t\t\t\t\t<\/span>\n\t\t\t            <span class='categories-links'>\n\t\t\t\t<i class='fas fa-folder-open '><\/i><a class=\"bez-kategorii\" href=\"https:\/\/akademia.footballarena.pl\/index.php\/category\/bez-kategorii\/\">Bez kategorii<\/a>\n\t\t\t<\/span>\n\t\t\t\t\t\t\t<\/div>\n\t\t\t\n\n\t\t\t\t\t\t\t<div class=\"tpg-excerpt tpg-el-excerpt\">\n\t\t\t\t\t\t\t\t\t\t\t<div class=\"tpg-excerpt-inner\">\n\t\t\t\t\t\t\tDzi\u0119kujemy za wsparcie Ministerstwa Sportu i Turystyki! Z rado\u015bci\u0105 informujemy, \u017ce realizacja projektu zwi\u0105zanego z udzia\u0142em dru\u017cyny U15 Akademii Football Arena w rozgrywkach Centralnej Ligi Junior\u00f3w...\t\t\t\t\t\t<\/div>\n\t\t\t\t\t\t\t\t\t\t\t\t\t\t<\/div>\n\t\t\t\n\t\t\t        <div class=\"post-footer\">\n            <div class=\"post-footer\">\n                <div class=\"read-more\">\n\t\t\t\t\t<a data-id=\"264\" href=\"https:\/\/akademia.footballarena.pl\/index.php\/2025\/12\/19\/dziekujemy-za-wsparcie-programu-clj-ministerstwo-sportu-i-turystyki\/\" class=\"tpg-post-link\" target=\"_self\">Read More<\/a>                <\/div>\n            <\/div>\n        <\/div>\n\t\t\t\t<\/div>\n\t<\/div>\n<\/div>\n<div class=\"rt-col-md-4 rt-col-sm-6 rt-col-xs-12 default rt-grid-item post-252 post type-post status-publish format-standard hentry category-bez-kategorii\"\t\tdata-id=\"252\">\n\t<div class=\"rt-holder tpg-post-holder\">\n\t\t<div class=\"rt-detail rt-el-content-wrapper\">\n\t\t\t\t\t\t\t<div class=\"rt-img-holder tpg-el-image-wrap has-no-thumbnail\">\n\t\t\t\t\t<a data-id=\"252\" href=\"https:\/\/akademia.footballarena.pl\/index.php\/2025\/06\/06\/zapisy-na-treningi-trwaja-zapraszamy-na-darmowy-trening\/\" class=\"tpg-post-link\" target=\"_self\">\t\t\n\t\t<\/a>\n\t\t        <div class=\"overlay grid-hover-content\"><\/div>\n\t\t\t\t\t\t<\/div>\n\t\t\t\n\t\t\t<div class=\"entry-title-wrapper\"><h3 class=\"entry-title\"><a data-id=\"252\" href=\"https:\/\/akademia.footballarena.pl\/index.php\/2025\/06\/06\/zapisy-na-treningi-trwaja-zapraszamy-na-darmowy-trening\/\" class=\"tpg-post-link\" target=\"_self\">Zapisy na treningi trwaj\u0105! Zapraszamy na darmowy trening<\/a><\/h3><\/div>\n\t\t\t\t\t\t\t<div class=\"post-meta-tags rt-el-post-meta\">\n\t\t\t\t\t            <span class='author '>\n\n\t\t\t\t<i class='fa fa-user '><\/i><span class='author-prefix'>By<\/span><a href=\"https:\/\/akademia.footballarena.pl\/index.php\/author\/marcel\/\">Marcel Czerniak<\/a>\t\t\t<\/span>\n\t\t\t            <span class='date'>\n\t\t\t\t<i class='far fa-calendar-alt '><\/i>\t\t\t\t                    <a href=\"https:\/\/akademia.footballarena.pl\/index.php\/2025\/06\/06\/\">\n\t\t\t\t\t2025-06-06\t\t\t\t<\/a>\n\t\t\t\t\t\t\t<\/span>\n\t\t\t            <span class='categories-links'>\n\t\t\t\t<i class='fas fa-folder-open '><\/i><a class=\"bez-kategorii\" href=\"https:\/\/akademia.footballarena.pl\/index.php\/category\/bez-kategorii\/\">Bez kategorii<\/a>\n\t\t\t<\/span>\n\t\t\t\t\t\t\t<\/div>\n\t\t\t\n\n\t\t\t\t\t\t\t<div class=\"tpg-excerpt tpg-el-excerpt\">\n\t\t\t\t\t\t\t\t\t\t\t<div class=\"tpg-excerpt-inner\">\n\t\t\t\t\t\t\tZadzwo\u0144 teraz i zapisz dziecko na darmowy trening pr\u00f3bny! Football Arena Szczecin. al. Wojska Polskiego 246 +48 791 503 505 W Football Arena zapewniamy: Najlepsze warunki w Szczecinie \u2013 nasze treningi...\t\t\t\t\t\t<\/div>\n\t\t\t\t\t\t\t\t\t\t\t\t\t\t<\/div>\n\t\t\t\n\t\t\t        <div class=\"post-footer\">\n            <div class=\"post-footer\">\n                <div class=\"read-more\">\n\t\t\t\t\t<a data-id=\"252\" href=\"https:\/\/akademia.footballarena.pl\/index.php\/2025\/06\/06\/zapisy-na-treningi-trwaja-zapraszamy-na-darmowy-trening\/\" class=\"tpg-post-link\" target=\"_self\">Read More<\/a>                <\/div>\n            <\/div>\n        <\/div>\n\t\t\t\t<\/div>\n\t<\/div>\n<\/div>\n<div class=\"rt-col-md-4 rt-col-sm-6 rt-col-xs-12 default rt-grid-item post-1 post type-post status-publish format-standard has-post-thumbnail hentry category-bez-kategorii\"\t\tdata-id=\"1\">\n\t<div class=\"rt-holder tpg-post-holder\">\n\t\t<div class=\"rt-detail rt-el-content-wrapper\">\n\t\t\t\t\t\t\t<div class=\"rt-img-holder tpg-el-image-wrap has-thumbnail\">\n\t\t\t\t\t<a data-id=\"1\" href=\"https:\/\/akademia.footballarena.pl\/index.php\/2025\/03\/12\/witaj-swiecie\/\" class=\"tpg-post-link\" target=\"_self\">                        <img decoding=\"async\" src=\"https:\/\/akademia.footballarena.pl\/wp-content\/uploads\/2024\/10\/Dni-otwarte-final.png\"\n                             class=\"rt-img-responsive\"\n                             width=\"768\"\n                             height=\"432\"\n                             alt=\"Dni Otwarte w Football Arena! Trening naborowy do Akademii! Spotkaj si\u0119 z Kamilem Grosickim!\">\n\t\t\t\t\t\t\n\t\t\t\t\t\t\t\n\t\t<\/a>\n\t\t        <div class=\"overlay grid-hover-content\"><\/div>\n\t\t\t\t\t\t<\/div>\n\t\t\t\n\t\t\t<div class=\"entry-title-wrapper\"><h3 class=\"entry-title\"><a data-id=\"1\" href=\"https:\/\/akademia.footballarena.pl\/index.php\/2025\/03\/12\/witaj-swiecie\/\" class=\"tpg-post-link\" target=\"_self\">Dni Otwarte w Football Arena! Trening naborowy do Akademii! Spotkaj si\u0119 z Kamilem Grosickim!<\/a><\/h3><\/div>\n\t\t\t\t\t\t\t<div class=\"post-meta-tags rt-el-post-meta\">\n\t\t\t\t\t            <span class='author '>\n\n\t\t\t\t<i class='fa fa-user '><\/i><span class='author-prefix'>By<\/span><a href=\"https:\/\/akademia.footballarena.pl\/index.php\/author\/luke\/\">Luke<\/a>\t\t\t<\/span>\n\t\t\t            <span class='date'>\n\t\t\t\t<i class='far fa-calendar-alt '><\/i>\t\t\t\t                    <a href=\"https:\/\/akademia.footballarena.pl\/index.php\/2025\/03\/12\/\">\n\t\t\t\t\t2025-03-12\t\t\t\t<\/a>\n\t\t\t\t\t\t\t<\/span>\n\t\t\t            <span class='categories-links'>\n\t\t\t\t<i class='fas fa-folder-open '><\/i><a class=\"bez-kategorii\" href=\"https:\/\/akademia.footballarena.pl\/index.php\/category\/bez-kategorii\/\">Bez kategorii<\/a>\n\t\t\t<\/span>\n\t\t\t\t\t\t\t<\/div>\n\t\t\t\n\n\t\t\t\t\t\t\t<div class=\"tpg-excerpt tpg-el-excerpt\">\n\t\t\t\t\t\t\t\t\t\t\t<div class=\"tpg-excerpt-inner\">\n\t\t\t\t\t\t\tDni Otwarte w Football Arena! Trening naborowy do Akademii! Spotkaj si\u0119 z Kamilem Grosickim! Ju\u017c 16 marca 2025 (niedziela) zapraszamy wszystkie dzieci z rocznik\u00f3w 2014-2020 na wyj\u0105tkowe Dni Otwarte w...\t\t\t\t\t\t<\/div>\n\t\t\t\t\t\t\t\t\t\t\t\t\t\t<\/div>\n\t\t\t\n\t\t\t        <div class=\"post-footer\">\n            <div class=\"post-footer\">\n                <div class=\"read-more\">\n\t\t\t\t\t<a data-id=\"1\" href=\"https:\/\/akademia.footballarena.pl\/index.php\/2025\/03\/12\/witaj-swiecie\/\" class=\"tpg-post-link\" target=\"_self\">Read More<\/a>                <\/div>\n            <\/div>\n        <\/div>\n\t\t\t\t<\/div>\n\t<\/div>\n<\/div>\n\t\t\t<\/div>\n\t\t\t\n\t\t<\/div>\n\t\t\t\t<\/div>\n\t\t\t\t<\/div>\n\t\t\t\t\t<\/div>\n\t\t\t\t<\/div>\n\t\t<div class=\"elementor-element elementor-element-3a0f8cf e-flex e-con-boxed e-con e-parent\" data-id=\"3a0f8cf\" data-element_type=\"container\">\n\t\t\t\t\t<div class=\"e-con-inner\">\n\t\t\t\t<div class=\"elementor-element elementor-element-afce6a8 elementor-widget elementor-widget-heading\" data-id=\"afce6a8\" data-element_type=\"widget\" data-widget_type=\"heading.default\">\n\t\t\t\t<div class=\"elementor-widget-container\">\n\t\t\t<h2 class=\"elementor-heading-title elementor-size-default\">Nasi partnerzy<\/h2>\t\t<\/div>\n\t\t\t\t<\/div>\n\t\t\t\t<div class=\"elementor-element elementor-element-eb96b64 elementor-widget elementor-widget-heading\" data-id=\"eb96b64\" data-element_type=\"widget\" data-widget_type=\"heading.default\">\n\t\t\t\t<div class=\"elementor-widget-container\">\n\t\t\t<h2 class=\"elementor-heading-title elementor-size-default\">Nasi partnerzy<\/h2>\t\t<\/div>\n\t\t\t\t<\/div>\n\t\t\t\t\t<\/div>\n\t\t\t\t<\/div>\n\t\t<div class=\"elementor-element elementor-element-0efc59d e-flex e-con-boxed e-con e-parent\" data-id=\"0efc59d\" data-element_type=\"container\">\n\t\t\t\t\t<div class=\"e-con-inner\">\n\t\t<div class=\"elementor-element elementor-element-f60847d e-grid e-con-full e-con e-child\" data-id=\"f60847d\" data-element_type=\"container\" data-settings=\"{&quot;background_background&quot;:&quot;classic&quot;}\">\n\t\t\t\t<div class=\"elementor-element elementor-element-3dc6d68 elementor-widget elementor-widget-image\" data-id=\"3dc6d68\" data-element_type=\"widget\" data-widget_type=\"image.default\">\n\t\t\t\t<div class=\"elementor-widget-container\">\n\t\t\t\t\t\t\t\t\t\t\t\t\t<img decoding=\"async\" width=\"300\" height=\"300\" src=\"https:\/\/akademia.footballarena.pl\/wp-content\/uploads\/2024\/11\/miasto-szczecin-2-300x300.png\" class=\"attachment-medium size-medium wp-image-119\" alt=\"\" sizes=\"100vw\" \/>\t\t\t\t\t\t\t\t\t\t\t\t\t<\/div>\n\t\t\t\t<\/div>\n\t\t\t\t<div class=\"elementor-element elementor-element-2f88094 elementor-widget elementor-widget-image\" data-id=\"2f88094\" data-element_type=\"widget\" data-widget_type=\"image.default\">\n\t\t\t\t<div class=\"elementor-widget-container\">\n\t\t\t\t\t\t\t\t\t\t\t\t\t<img loading=\"lazy\" decoding=\"async\" width=\"300\" height=\"127\" src=\"https:\/\/akademia.footballarena.pl\/wp-content\/uploads\/2024\/11\/1920x810-300x127.png\" class=\"attachment-medium size-medium wp-image-132\" alt=\"\" sizes=\"100vw\" \/>\t\t\t\t\t\t\t\t\t\t\t\t\t<\/div>\n\t\t\t\t<\/div>\n\t\t\t\t<div class=\"elementor-element elementor-element-ca59294 elementor-widget elementor-widget-image\" data-id=\"ca59294\" data-element_type=\"widget\" data-widget_type=\"image.default\">\n\t\t\t\t<div class=\"elementor-widget-container\">\n\t\t\t\t\t\t\t\t\t\t\t\t\t<img loading=\"lazy\" decoding=\"async\" width=\"260\" height=\"84\" src=\"https:\/\/akademia.footballarena.pl\/wp-content\/uploads\/2024\/11\/mosrir.png\" class=\"attachment-medium size-medium wp-image-118\" alt=\"\" sizes=\"100vw\" \/>\t\t\t\t\t\t\t\t\t\t\t\t\t<\/div>\n\t\t\t\t<\/div>\n\t\t\t\t<div class=\"elementor-element elementor-element-3e10e7b elementor-widget elementor-widget-image\" data-id=\"3e10e7b\" data-element_type=\"widget\" data-widget_type=\"image.default\">\n\t\t\t\t<div class=\"elementor-widget-container\">\n\t\t\t\t\t\t\t\t\t\t\t\t\t<img loading=\"lazy\" decoding=\"async\" width=\"300\" height=\"162\" src=\"https:\/\/akademia.footballarena.pl\/wp-content\/uploads\/2024\/11\/enea-operator-300x162.png\" class=\"attachment-medium size-medium wp-image-120\" alt=\"\" sizes=\"100vw\" \/>\t\t\t\t\t\t\t\t\t\t\t\t\t<\/div>\n\t\t\t\t<\/div>\n\t\t\t\t<div class=\"elementor-element elementor-element-abb4563 elementor-widget elementor-widget-image\" data-id=\"abb4563\" data-element_type=\"widget\" data-widget_type=\"image.default\">\n\t\t\t\t<div class=\"elementor-widget-container\">\n\t\t\t\t\t\t\t\t\t\t\t\t\t<img loading=\"lazy\" decoding=\"async\" width=\"1024\" height=\"796\" src=\"https:\/\/akademia.footballarena.pl\/wp-content\/uploads\/2026\/01\/Pomorze_Zachodnie-1-1024x796.png\" class=\"attachment-large size-large wp-image-260\" alt=\"\" sizes=\"100vw\" \/>\t\t\t\t\t\t\t\t\t\t\t\t\t<\/div>\n\t\t\t\t<\/div>\n\t\t\t\t<\/div>\n\t\t\t\t\t<\/div>\n\t\t\t\t<\/div>\n\t\t<div class=\"elementor-element elementor-element-8fb209c e-flex e-con-boxed e-con e-parent\" data-id=\"8fb209c\" data-element_type=\"container\">\n\t\t\t\t\t<div class=\"e-con-inner\">\n\t\t\t\t<div class=\"elementor-element elementor-element-3926a7e elementor-widget elementor-widget-image\" data-id=\"3926a7e\" data-element_type=\"widget\" data-widget_type=\"image.default\">\n\t\t\t\t<div class=\"elementor-widget-container\">\n\t\t\t\t\t\t\t\t\t\t\t\t\t<img loading=\"lazy\" decoding=\"async\" width=\"1024\" height=\"318\" src=\"https:\/\/akademia.footballarena.pl\/wp-content\/uploads\/2026\/01\/Zrzut-ekranu-2026-01-28-o-11.02.27-1024x318.png\" class=\"attachment-large size-large wp-image-267\" alt=\"\" sizes=\"100vw\" \/>\t\t\t\t\t\t\t\t\t\t\t\t\t<\/div>\n\t\t\t\t<\/div>\n\t\t\t\t\t<\/div>\n\t\t\t\t<\/div>\n\t\t\t\t<\/div>\n\t\t","protected":false},"excerpt":{"rendered":"<p>Blog Dzi\u0119kujemy za wsparcie programu CLJ \u2013 Ministerstwo Sportu i Turystyki ByLuke 2025-12-19 Bez kategorii Dzi\u0119kujemy za wsparcie Ministerstwa Sportu i Turystyki! Z rado\u015bci\u0105 informujemy, \u017ce realizacja projektu zwi\u0105zanego z udzia\u0142em dru\u017cyny U15 Akademii Football Arena w rozgrywkach Centralnej Ligi Junior\u00f3w&#8230; Read More Zapisy na treningi trwaj\u0105! Zapraszamy na darmowy trening ByMarcel Czerniak 2025-06-06 Bez &hellip; <\/p>\n<p class=\"link-more\"><a href=\"https:\/\/akademia.footballarena.pl\/index.php\/2025\/03\/12\/witaj-swiecie\/\" class=\"more-link\">Read more<span class=\"screen-reader-text\"> &#8222;Dni Otwarte w Football Arena! Trening naborowy do Akademii! Spotkaj si\u0119 z Kamilem Grosickim!&#8221;<\/span><\/a><\/p>\n","protected":false},"author":1,"featured_media":0,"parent":0,"menu_order":0,"comment_status":"closed","ping_status":"open","template":"","meta":{"footnotes":""},"class_list":["post-2","page","type-page","status-publish","hentry"],"rttpg_featured_image_url":null,"rttpg_author":{"display_name":"Luke","author_link":"https:\/\/akademia.footballarena.pl\/index.php\/author\/luke\/"},"rttpg_comment":0,"rttpg_category":"","rttpg_excerpt":"Blog Dzi\u0119kujemy za wsparcie programu CLJ \u2013 Ministerstwo Sportu i Turystyki ByLuke 2025-12-19 Bez kategorii Dzi\u0119kujemy za wsparcie Ministerstwa Sportu i Turystyki! Z rado\u015bci\u0105 informujemy, \u017ce realizacja projektu zwi\u0105zanego z udzia\u0142em dru\u017cyny U15 Akademii Football Arena w rozgrywkach Centralnej Ligi Junior\u00f3w&#8230; Read More Zapisy na treningi trwaj\u0105! Zapraszamy na darmowy trening ByMarcel Czerniak 2025-06-06 Bez&hellip;","_links":{"self":[{"href":"https:\/\/akademia.footballarena.pl\/index.php\/wp-json\/wp\/v2\/pages\/2","targetHints":{"allow":["GET"]}}],"collection":[{"href":"https:\/\/akademia.footballarena.pl\/index.php\/wp-json\/wp\/v2\/pages"}],"about":[{"href":"https:\/\/akademia.footballarena.pl\/index.php\/wp-json\/wp\/v2\/types\/page"}],"author":[{"embeddable":true,"href":"https:\/\/akademia.footballarena.pl\/index.php\/wp-json\/wp\/v2\/users\/1"}],"replies":[{"embeddable":true,"href":"https:\/\/akademia.footballarena.pl\/index.php\/wp-json\/wp\/v2\/comments?post=2"}],"version-history":[{"count":37,"href":"https:\/\/akademia.footballarena.pl\/index.php\/wp-json\/wp\/v2\/pages\/2\/revisions"}],"predecessor-version":[{"id":270,"href":"https:\/\/akademia.footballarena.pl\/index.php\/wp-json\/wp\/v2\/pages\/2\/revisions\/270"}],"wp:attachment":[{"href":"https:\/\/akademia.footballarena.pl\/index.php\/wp-json\/wp\/v2\/media?parent=2"}],"curies":[{"name":"wp","href":"https:\/\/api.w.org\/{rel}","templated":true}]}}