{"id":14,"date":"2024-11-05T12:07:56","date_gmt":"2024-11-05T11:07:56","guid":{"rendered":"https:\/\/akademia.footballarena.pl\/?page_id=14"},"modified":"2024-11-05T13:27:04","modified_gmt":"2024-11-05T12:27:04","slug":"contact-2","status":"publish","type":"page","link":"https:\/\/akademia.footballarena.pl\/index.php\/contact-2\/","title":{"rendered":"Kontakt"},"content":{"rendered":"\n<div style=\"height:156px\" aria-hidden=\"true\" class=\"wp-block-spacer\"><\/div>\n\n\n\n<h1 class=\"wp-block-heading\">Masz jakie\u015b pytania?<\/h1>\n\n\n\n<p>Masz pytania na temat naszej akademii, programu treningowego lub zapis\u00f3w? Ch\u0119tnie odpowiemy na wszystkie Twoje pytania i pomo\u017cemy rozwia\u0107 wszelkie w\u0105tpliwo\u015bci. Jeste\u015bmy do Twojej dyspozycji!<\/p>\n\n\n\n<div class=\"wp-block-group has-global-padding is-layout-constrained wp-block-group-is-layout-constrained\">\n<div class=\"wp-block-columns is-layout-flex wp-container-core-columns-is-layout-28f84493 wp-block-columns-is-layout-flex\">\n<div class=\"wp-block-column is-layout-flow wp-block-column-is-layout-flow\" style=\"flex-basis:33.33%\">\n<h3 class=\"wp-block-heading has-large-font-size\">Football Arena<\/h3>\n\n\n\n<h3 class=\"wp-block-heading\"><strong>Adres<\/strong><\/h3>\n\n\n\n<p>al. Wojska Polskiego 246, 71-256 Szczecin<\/p>\n\n\n\n<h3 class=\"wp-block-heading\"><strong>Email<\/strong><\/h3>\n\n\n\n<p>akademia@footballarena.pl<\/p>\n\n\n\n<h3 class=\"wp-block-heading\"><strong>Telefon<\/strong><\/h3>\n\n\n\n<p>791 503 505<\/p>\n<\/div>\n\n\n\n<div class=\"wp-block-column is-layout-flow wp-block-column-is-layout-flow\" style=\"flex-basis:66.66%\">\n<figure class=\"wp-block-image size-large is-resized\"><img fetchpriority=\"high\" decoding=\"async\" width=\"1024\" height=\"558\" src=\"https:\/\/akademia.footballarena.pl\/wp-content\/uploads\/2024\/11\/Zrzut-ekranu-2024-11-5-o-12.16.10-1024x558.png\" alt=\"\" class=\"wp-image-31\" style=\"width:891px;height:auto\"\/><\/figure>\n<\/div>\n<\/div>\n<\/div>\n","protected":false},"excerpt":{"rendered":"<p>Masz jakie\u015b pytania? Masz pytania na temat naszej akademii, programu treningowego lub zapis\u00f3w? Ch\u0119tnie odpowiemy na wszystkie Twoje pytania i pomo\u017cemy rozwia\u0107 wszelkie w\u0105tpliwo\u015bci. Jeste\u015bmy do Twojej dyspozycji! Football Arena Adres al. Wojska Polskiego 246, 71-256 Szczecin Email akademia@footballarena.pl Telefon 791 503 505<\/p>\n","protected":false},"author":1,"featured_media":82,"parent":0,"menu_order":0,"comment_status":"closed","ping_status":"closed","template":"","meta":{"footnotes":""},"class_list":["post-14","page","type-page","status-publish","has-post-thumbnail","hentry"],"rttpg_featured_image_url":{"full":["https:\/\/akademia.footballarena.pl\/wp-content\/uploads\/2024\/11\/FA2013-22.jpg",2048,1595,false],"landscape":["https:\/\/akademia.footballarena.pl\/wp-content\/uploads\/2024\/11\/FA2013-22.jpg",2048,1595,false],"portraits":["https:\/\/akademia.footballarena.pl\/wp-content\/uploads\/2024\/11\/FA2013-22.jpg",2048,1595,false],"thumbnail":["https:\/\/akademia.footballarena.pl\/wp-content\/uploads\/2024\/11\/FA2013-22-150x150.jpg",150,150,true],"medium":["https:\/\/akademia.footballarena.pl\/wp-content\/uploads\/2024\/11\/FA2013-22-300x234.jpg",300,234,true],"large":["https:\/\/akademia.footballarena.pl\/wp-content\/uploads\/2024\/11\/FA2013-22-1024x798.jpg",950,740,true],"1536x1536":["https:\/\/akademia.footballarena.pl\/wp-content\/uploads\/2024\/11\/FA2013-22-1536x1196.jpg",1536,1196,true],"2048x2048":["https:\/\/akademia.footballarena.pl\/wp-content\/uploads\/2024\/11\/FA2013-22.jpg",2048,1595,false],"inspiro-featured-image":["https:\/\/akademia.footballarena.pl\/wp-content\/uploads\/2024\/11\/FA2013-22-2000x1558.jpg",2000,1558,true],"inspiro-loop":["https:\/\/akademia.footballarena.pl\/wp-content\/uploads\/2024\/11\/FA2013-22-950x320.jpg",950,320,true],"inspiro-loop@2x":["https:\/\/akademia.footballarena.pl\/wp-content\/uploads\/2024\/11\/FA2013-22-1900x640.jpg",1900,640,true]},"rttpg_author":{"display_name":"Luke","author_link":"https:\/\/akademia.footballarena.pl\/index.php\/author\/luke\/"},"rttpg_comment":0,"rttpg_category":null,"rttpg_excerpt":"Masz jakie\u015b pytania? Masz pytania na temat naszej akademii, programu treningowego lub zapis\u00f3w? Ch\u0119tnie odpowiemy na wszystkie Twoje pytania i pomo\u017cemy rozwia\u0107 wszelkie w\u0105tpliwo\u015bci. Jeste\u015bmy do Twojej dyspozycji! Football Arena Adres al. Wojska Polskiego 246, 71-256 Szczecin Email akademia@footballarena.pl Telefon 791 503 505","_links":{"self":[{"href":"https:\/\/akademia.footballarena.pl\/index.php\/wp-json\/wp\/v2\/pages\/14","targetHints":{"allow":["GET"]}}],"collection":[{"href":"https:\/\/akademia.footballarena.pl\/index.php\/wp-json\/wp\/v2\/pages"}],"about":[{"href":"https:\/\/akademia.footballarena.pl\/index.php\/wp-json\/wp\/v2\/types\/page"}],"author":[{"embeddable":true,"href":"https:\/\/akademia.footballarena.pl\/index.php\/wp-json\/wp\/v2\/users\/1"}],"replies":[{"embeddable":true,"href":"https:\/\/akademia.footballarena.pl\/index.php\/wp-json\/wp\/v2\/comments?post=14"}],"version-history":[{"count":7,"href":"https:\/\/akademia.footballarena.pl\/index.php\/wp-json\/wp\/v2\/pages\/14\/revisions"}],"predecessor-version":[{"id":76,"href":"https:\/\/akademia.footballarena.pl\/index.php\/wp-json\/wp\/v2\/pages\/14\/revisions\/76"}],"wp:featuredmedia":[{"embeddable":true,"href":"https:\/\/akademia.footballarena.pl\/index.php\/wp-json\/wp\/v2\/media\/82"}],"wp:attachment":[{"href":"https:\/\/akademia.footballarena.pl\/index.php\/wp-json\/wp\/v2\/media?parent=14"}],"curies":[{"name":"wp","href":"https:\/\/api.w.org\/{rel}","templated":true}]}}